{"id":5155,"date":"2024-10-31T16:45:59","date_gmt":"2024-10-31T16:45:59","guid":{"rendered":"https:\/\/eurorxdrugs.cc\/sv\/?post_type=product&#038;p=5155"},"modified":"2024-10-31T16:53:21","modified_gmt":"2024-10-31T16:53:21","slug":"modalert-modafinil","status":"publish","type":"product","link":"https:\/\/eurorxdrugs.cc\/sv\/product\/modalert-modafinil\/","title":{"rendered":"Modalert (Modafinil)"},"content":{"rendered":"<div class=\"pro-description_name\">Beschreibung<\/div>\n<div class=\"pro-description_content\">\n<div>Wie kann mir Modafinil helfen?<\/div>\n<div>\u00a0\u00a0\u00a0\u00a0\u00a0\u00a0\u00a0\u00a0Dieses Medikament wirkt auf eine erstaunliche Art und Weise. Es beginnt damit, Ihre kognitiven F\u00e4higkeiten zu verbessern, wodurch der Denkprozess effektiver und Ihr Erinnerungsverm\u00f6gen gesch\u00e4rft wird. All das werden Sie feststellen, ohne dabei das Gef\u00fchl von schl\u00e4frigkeit zu versp\u00fcren. Es wird sich als sehr wirksam herausstellen, da Ihr Bedarf an Schlaf nachlassen wird und es Ihnen erm\u00f6glicht, jede Art von Aktivit\u00e4t \u00fcber einen l\u00e4ngeren Zeitraum auszu\u00fcben.<\/div>\n<div><\/div>\n<div>Was sind die Vorteile von Generischem Modafinil?<\/div>\n<div>\u00a0\u00a0\u00a0\u00a0\u00a0\u00a0\u00a0\u00a0Generisches Modafinil ist ein wirkungsvolles und sicheres Medikament und kann dar\u00fcber hinaus als Mittel zur Sch\u00e4rfung des Erinnerungsverm\u00f6gens eingenommen werden. Dieses Medikament wirkt am besten mit den im Gehirn befindlichen Chemikalien und blockiert den Wiederaufnahme-Prozess. Die generierte Wirkung wird zur Steigerung der Wachsamkeit beitragen.<\/div>\n<div><\/div>\n<div>Was muss ich beachten, bevor ich Modafinil -Tabletten einnehme?<\/div>\n<div>\u00a0\u00a0\u00a0\u00a0\u00a0\u00a0\u00a0\u00a0Bitte beachten Sie, dass manche Personen allergisch auf dieses Medikament reagieren k\u00f6nnen. Sollte dies bei Ihnen auftreten, kontaktieren Sie schnellstm\u00f6glich Ihren Arzt. Dar\u00fcber hinaus sollten Personen mit Hetzproblemen, hohem Blutdruck, Leber-und Nierenproblemen, mentalen St\u00f6rungen oder Stimmungsschwankungen zun\u00e4chst mit ihrem Arzt sprechen, um weitere Komplikationen zu vermeiden.<\/div>\n<div><\/div>\n<div>Was ist die empfohlene Dosierung von Modafinil?<\/div>\n<div>\u00a0\u00a0\u00a0\u00a0\u00a0\u00a0\u00a0\u00a0Eine sehr wichtige Frage. Bitte lassen Sie Ihren Arzt die f\u00fcr Sie angemessene Dosierung festlegen. Generisches Modafinil ist sehr sicher, doch es ist ratsam, Ihren Arzt zu konsultieren, damit er\/sie auf Grundlage Ihrer medizinischen Vorgeschichte eine geeignete Dosierung f\u00fcr Sie festlegt.<\/div>\n<\/div>\n","protected":false},"excerpt":{"rendered":"<div>Handelsname: Modalert<\/div>\n<div>Hauptbestandteil: Modafinil<\/div>\n<div>Produktionsform: Pillen<\/div>\n<div>Verwendung: ADHS<\/div>\n<div>Verf\u00fcgbare Dosierung: 200 mg<\/div>\n","protected":false},"featured_media":5156,"comment_status":"open","ping_status":"closed","template":"","meta":[],"product_cat":[44],"product_tag":[],"class_list":{"0":"post-5155","1":"product","2":"type-product","3":"status-publish","4":"has-post-thumbnail","6":"product_cat-adhd","8":"first","9":"instock","10":"shipping-taxable","11":"product-type-grouped"},"yoast_head":"<!-- This site is optimized with the Yoast SEO plugin v24.1 - https:\/\/yoast.com\/wordpress\/plugins\/seo\/ -->\n<title>Bestellen Sie Modalert (Modafinil) ohne Rezept zum niedrigen Preis | Eurorxdrugs<\/title>\n<meta name=\"description\" content=\"Kaufen Sie Modalert (Modafinil) jetzt! Echtes Medikament und schnelle Lieferung inklusive. 100% diskreter und vertraulicher Service f\u00fcr alle unsere Kunden bei Eurorxdrugs\" \/>\n<meta name=\"robots\" content=\"index, follow, max-snippet:-1, max-image-preview:large, max-video-preview:-1\" \/>\n<link rel=\"canonical\" href=\"https:\/\/eurorxdrugs.cc\/sv\/product\/modalert-modafinil\/\" \/>\n<meta property=\"og:locale\" content=\"sv_SE\" \/>\n<meta property=\"og:type\" content=\"article\" \/>\n<meta property=\"og:title\" content=\"Bestellen Sie Modalert (Modafinil) ohne Rezept zum niedrigen Preis | Eurorxdrugs\" \/>\n<meta property=\"og:description\" content=\"Kaufen Sie Modalert (Modafinil) jetzt! Echtes Medikament und schnelle Lieferung inklusive. 100% diskreter und vertraulicher Service f\u00fcr alle unsere Kunden bei Eurorxdrugs\" \/>\n<meta property=\"og:url\" content=\"https:\/\/eurorxdrugs.cc\/sv\/product\/modalert-modafinil\/\" \/>\n<meta property=\"og:site_name\" content=\"eurorxdrugs\" \/>\n<meta property=\"article:modified_time\" content=\"2024-10-31T16:53:21+00:00\" \/>\n<meta property=\"og:image\" content=\"https:\/\/eurorxdrugs.cc\/sv\/wp-content\/uploads\/2024\/10\/149-min.jpg\" \/>\n\t<meta property=\"og:image:width\" content=\"270\" \/>\n\t<meta property=\"og:image:height\" content=\"300\" \/>\n\t<meta property=\"og:image:type\" content=\"image\/jpeg\" \/>\n<meta name=\"twitter:card\" content=\"summary_large_image\" \/>\n<meta name=\"twitter:label1\" content=\"Ber\u00e4knad l\u00e4stid\" \/>\n\t<meta name=\"twitter:data1\" content=\"2 minuter\" \/>\n<script type=\"application\/ld+json\" class=\"yoast-schema-graph\">{\"@context\":\"https:\/\/schema.org\",\"@graph\":[{\"@type\":\"WebPage\",\"@id\":\"https:\/\/eurorxdrugs.cc\/sv\/product\/modalert-modafinil\/\",\"url\":\"https:\/\/eurorxdrugs.cc\/sv\/product\/modalert-modafinil\/\",\"name\":\"Bestellen Sie Modalert (Modafinil) ohne Rezept zum niedrigen Preis | Eurorxdrugs\",\"isPartOf\":{\"@id\":\"https:\/\/eurorxdrugs.cc\/sv\/#website\"},\"primaryImageOfPage\":{\"@id\":\"https:\/\/eurorxdrugs.cc\/sv\/product\/modalert-modafinil\/#primaryimage\"},\"image\":{\"@id\":\"https:\/\/eurorxdrugs.cc\/sv\/product\/modalert-modafinil\/#primaryimage\"},\"thumbnailUrl\":\"https:\/\/eurorxdrugs.cc\/sv\/wp-content\/uploads\/2024\/10\/149-min.jpg\",\"datePublished\":\"2024-10-31T16:45:59+00:00\",\"dateModified\":\"2024-10-31T16:53:21+00:00\",\"description\":\"Kaufen Sie Modalert (Modafinil) jetzt! Echtes Medikament und schnelle Lieferung inklusive. 100% diskreter und vertraulicher Service f\u00fcr alle unsere Kunden bei Eurorxdrugs\",\"breadcrumb\":{\"@id\":\"https:\/\/eurorxdrugs.cc\/sv\/product\/modalert-modafinil\/#breadcrumb\"},\"inLanguage\":\"sv-SE\",\"potentialAction\":[{\"@type\":\"ReadAction\",\"target\":[\"https:\/\/eurorxdrugs.cc\/sv\/product\/modalert-modafinil\/\"]}]},{\"@type\":\"ImageObject\",\"inLanguage\":\"sv-SE\",\"@id\":\"https:\/\/eurorxdrugs.cc\/sv\/product\/modalert-modafinil\/#primaryimage\",\"url\":\"https:\/\/eurorxdrugs.cc\/sv\/wp-content\/uploads\/2024\/10\/149-min.jpg\",\"contentUrl\":\"https:\/\/eurorxdrugs.cc\/sv\/wp-content\/uploads\/2024\/10\/149-min.jpg\",\"width\":270,\"height\":300},{\"@type\":\"BreadcrumbList\",\"@id\":\"https:\/\/eurorxdrugs.cc\/sv\/product\/modalert-modafinil\/#breadcrumb\",\"itemListElement\":[{\"@type\":\"ListItem\",\"position\":1,\"name\":\"Home\",\"item\":\"https:\/\/eurorxdrugs.cc\/sv\/\"},{\"@type\":\"ListItem\",\"position\":2,\"name\":\"Products\",\"item\":\"https:\/\/eurorxdrugs.cc\/sv\/shop\/\"},{\"@type\":\"ListItem\",\"position\":3,\"name\":\"Modalert (Modafinil)\"}]},{\"@type\":\"WebSite\",\"@id\":\"https:\/\/eurorxdrugs.cc\/sv\/#website\",\"url\":\"https:\/\/eurorxdrugs.cc\/sv\/\",\"name\":\"eurorxdrugs\",\"description\":\"\",\"publisher\":{\"@id\":\"https:\/\/eurorxdrugs.cc\/sv\/#organization\"},\"potentialAction\":[{\"@type\":\"SearchAction\",\"target\":{\"@type\":\"EntryPoint\",\"urlTemplate\":\"https:\/\/eurorxdrugs.cc\/sv\/?s={search_term_string}\"},\"query-input\":{\"@type\":\"PropertyValueSpecification\",\"valueRequired\":true,\"valueName\":\"search_term_string\"}}],\"inLanguage\":\"sv-SE\"},{\"@type\":\"Organization\",\"@id\":\"https:\/\/eurorxdrugs.cc\/sv\/#organization\",\"name\":\"eurorxdrugs\",\"url\":\"https:\/\/eurorxdrugs.cc\/sv\/\",\"logo\":{\"@type\":\"ImageObject\",\"inLanguage\":\"sv-SE\",\"@id\":\"https:\/\/eurorxdrugs.cc\/sv\/#\/schema\/logo\/image\/\",\"url\":\"https:\/\/eurorxdrugs.cc\/sv\/wp-content\/uploads\/2024\/09\/logo-1-1.png\",\"contentUrl\":\"https:\/\/eurorxdrugs.cc\/sv\/wp-content\/uploads\/2024\/09\/logo-1-1.png\",\"width\":233,\"height\":54,\"caption\":\"eurorxdrugs\"},\"image\":{\"@id\":\"https:\/\/eurorxdrugs.cc\/sv\/#\/schema\/logo\/image\/\"}}]}<\/script>\n<!-- \/ Yoast SEO plugin. -->","yoast_head_json":{"title":"Bestellen Sie Modalert (Modafinil) ohne Rezept zum niedrigen Preis | Eurorxdrugs","description":"Kaufen Sie Modalert (Modafinil) jetzt! Echtes Medikament und schnelle Lieferung inklusive. 100% diskreter und vertraulicher Service f\u00fcr alle unsere Kunden bei Eurorxdrugs","robots":{"index":"index","follow":"follow","max-snippet":"max-snippet:-1","max-image-preview":"max-image-preview:large","max-video-preview":"max-video-preview:-1"},"canonical":"https:\/\/eurorxdrugs.cc\/sv\/product\/modalert-modafinil\/","og_locale":"sv_SE","og_type":"article","og_title":"Bestellen Sie Modalert (Modafinil) ohne Rezept zum niedrigen Preis | Eurorxdrugs","og_description":"Kaufen Sie Modalert (Modafinil) jetzt! Echtes Medikament und schnelle Lieferung inklusive. 100% diskreter und vertraulicher Service f\u00fcr alle unsere Kunden bei Eurorxdrugs","og_url":"https:\/\/eurorxdrugs.cc\/sv\/product\/modalert-modafinil\/","og_site_name":"eurorxdrugs","article_modified_time":"2024-10-31T16:53:21+00:00","og_image":[{"width":270,"height":300,"url":"https:\/\/eurorxdrugs.cc\/sv\/wp-content\/uploads\/2024\/10\/149-min.jpg","type":"image\/jpeg"}],"twitter_card":"summary_large_image","twitter_misc":{"Ber\u00e4knad l\u00e4stid":"2 minuter"},"schema":{"@context":"https:\/\/schema.org","@graph":[{"@type":"WebPage","@id":"https:\/\/eurorxdrugs.cc\/sv\/product\/modalert-modafinil\/","url":"https:\/\/eurorxdrugs.cc\/sv\/product\/modalert-modafinil\/","name":"Bestellen Sie Modalert (Modafinil) ohne Rezept zum niedrigen Preis | Eurorxdrugs","isPartOf":{"@id":"https:\/\/eurorxdrugs.cc\/sv\/#website"},"primaryImageOfPage":{"@id":"https:\/\/eurorxdrugs.cc\/sv\/product\/modalert-modafinil\/#primaryimage"},"image":{"@id":"https:\/\/eurorxdrugs.cc\/sv\/product\/modalert-modafinil\/#primaryimage"},"thumbnailUrl":"https:\/\/eurorxdrugs.cc\/sv\/wp-content\/uploads\/2024\/10\/149-min.jpg","datePublished":"2024-10-31T16:45:59+00:00","dateModified":"2024-10-31T16:53:21+00:00","description":"Kaufen Sie Modalert (Modafinil) jetzt! Echtes Medikament und schnelle Lieferung inklusive. 100% diskreter und vertraulicher Service f\u00fcr alle unsere Kunden bei Eurorxdrugs","breadcrumb":{"@id":"https:\/\/eurorxdrugs.cc\/sv\/product\/modalert-modafinil\/#breadcrumb"},"inLanguage":"sv-SE","potentialAction":[{"@type":"ReadAction","target":["https:\/\/eurorxdrugs.cc\/sv\/product\/modalert-modafinil\/"]}]},{"@type":"ImageObject","inLanguage":"sv-SE","@id":"https:\/\/eurorxdrugs.cc\/sv\/product\/modalert-modafinil\/#primaryimage","url":"https:\/\/eurorxdrugs.cc\/sv\/wp-content\/uploads\/2024\/10\/149-min.jpg","contentUrl":"https:\/\/eurorxdrugs.cc\/sv\/wp-content\/uploads\/2024\/10\/149-min.jpg","width":270,"height":300},{"@type":"BreadcrumbList","@id":"https:\/\/eurorxdrugs.cc\/sv\/product\/modalert-modafinil\/#breadcrumb","itemListElement":[{"@type":"ListItem","position":1,"name":"Home","item":"https:\/\/eurorxdrugs.cc\/sv\/"},{"@type":"ListItem","position":2,"name":"Products","item":"https:\/\/eurorxdrugs.cc\/sv\/shop\/"},{"@type":"ListItem","position":3,"name":"Modalert (Modafinil)"}]},{"@type":"WebSite","@id":"https:\/\/eurorxdrugs.cc\/sv\/#website","url":"https:\/\/eurorxdrugs.cc\/sv\/","name":"eurorxdrugs","description":"","publisher":{"@id":"https:\/\/eurorxdrugs.cc\/sv\/#organization"},"potentialAction":[{"@type":"SearchAction","target":{"@type":"EntryPoint","urlTemplate":"https:\/\/eurorxdrugs.cc\/sv\/?s={search_term_string}"},"query-input":{"@type":"PropertyValueSpecification","valueRequired":true,"valueName":"search_term_string"}}],"inLanguage":"sv-SE"},{"@type":"Organization","@id":"https:\/\/eurorxdrugs.cc\/sv\/#organization","name":"eurorxdrugs","url":"https:\/\/eurorxdrugs.cc\/sv\/","logo":{"@type":"ImageObject","inLanguage":"sv-SE","@id":"https:\/\/eurorxdrugs.cc\/sv\/#\/schema\/logo\/image\/","url":"https:\/\/eurorxdrugs.cc\/sv\/wp-content\/uploads\/2024\/09\/logo-1-1.png","contentUrl":"https:\/\/eurorxdrugs.cc\/sv\/wp-content\/uploads\/2024\/09\/logo-1-1.png","width":233,"height":54,"caption":"eurorxdrugs"},"image":{"@id":"https:\/\/eurorxdrugs.cc\/sv\/#\/schema\/logo\/image\/"}}]}},"_links":{"self":[{"href":"https:\/\/eurorxdrugs.cc\/sv\/wp-json\/wp\/v2\/product\/5155","targetHints":{"allow":["GET"]}}],"collection":[{"href":"https:\/\/eurorxdrugs.cc\/sv\/wp-json\/wp\/v2\/product"}],"about":[{"href":"https:\/\/eurorxdrugs.cc\/sv\/wp-json\/wp\/v2\/types\/product"}],"replies":[{"embeddable":true,"href":"https:\/\/eurorxdrugs.cc\/sv\/wp-json\/wp\/v2\/comments?post=5155"}],"wp:featuredmedia":[{"embeddable":true,"href":"https:\/\/eurorxdrugs.cc\/sv\/wp-json\/wp\/v2\/media\/5156"}],"wp:attachment":[{"href":"https:\/\/eurorxdrugs.cc\/sv\/wp-json\/wp\/v2\/media?parent=5155"}],"wp:term":[{"taxonomy":"product_cat","embeddable":true,"href":"https:\/\/eurorxdrugs.cc\/sv\/wp-json\/wp\/v2\/product_cat?post=5155"},{"taxonomy":"product_tag","embeddable":true,"href":"https:\/\/eurorxdrugs.cc\/sv\/wp-json\/wp\/v2\/product_tag?post=5155"}],"curies":[{"name":"wp","href":"https:\/\/api.w.org\/{rel}","templated":true}]}}