{"id":5803,"date":"2024-11-01T19:32:34","date_gmt":"2024-11-01T19:32:34","guid":{"rendered":"https:\/\/eurorxdrugs.cc\/sv\/?post_type=product&#038;p=5803"},"modified":"2024-11-01T19:35:52","modified_gmt":"2024-11-01T19:35:52","slug":"prevacid-lansoprazol","status":"publish","type":"product","link":"https:\/\/eurorxdrugs.cc\/sv\/product\/prevacid-lansoprazol\/","title":{"rendered":"Prevacid (Lansoprazol)"},"content":{"rendered":"<div class=\"pro-description_name\">Beschreibung<\/div>\n<div class=\"pro-description_content\">\n<div><b>Allgemeine Anwendung<\/b><\/div>\n<div>\u00a0\u00a0\u00a0\u00a0\u00a0\u00a0\u00a0\u00a0Prevacid ist ein Medikament auf Lansoprazol-Basis, das verschreibt Man f\u00fcr Behandlung bestimmter Magenbakterieninfektionen, des Zollinger-Ellison-Syndroms und der erosiven \u00d6sophagitis verwendet wird, die durch \u00fcberm\u00e4\u00dfige Produktion von Magens\u00e4ure hervorgerufen wird, und verhindert Magen- und Darmgeschw\u00fcre, einschlie\u00dflich der durch NSAIDs verursachten. Es wirkt, indem es die im Magen produzierte S\u00e4uremenge verringert.<\/div>\n<div><\/div>\n<div><b>Prevacid hat solche Nebenwirkungen:<\/b><\/div>\n<div>\u2022 Gelbsucht;<\/div>\n<div>\u2022 Blasenbildung der Haut, Absch\u00e4len oder Hautausschlag;<\/div>\n<div>\u2022 Diarrhoe oder Verstopfung;<\/div>\n<div>\u2022 \u00dcbelkeit, Bauchschmerzen, Erbrechen;<\/div>\n<div>\u2022 Fieber oder Halsschmerzen;<\/div>\n<div>\u2022 dunkelgelber oder brauner Urin;<\/div>\n<div>\u2022 Fieber oder Halsschmerzen;<\/div>\n<div>\u2022 Kopfschmerzen.<\/div>\n<div><\/div>\n<div><b>Um das Risiko von Nebenwirkungen zu verringern, muss Ihr Arzt bevor verschreiben die Behandlung mit Prevacid kennen, wenn Sie:<\/b><\/div>\n<div>\u2022 schwanger sind, stillen oder planen, ein Baby zu bekommen;<\/div>\n<div>\u2022 \u00fcberempfindlich oder allergisch gegen Lansoprazol oder andere Substanzen sind;<\/div>\n<div>\u2022 Raucher oder regelm\u00e4\u00dfiger Konsument von alkohol- oder koffeinhaltigen Getr\u00e4nken oder Lebensmitteln sind;<\/div>\n<div>\u2022 nehmen pflanzliche \/ di\u00e4tetische Erg\u00e4nzungen oder andere verschreibungspflichtige \/ nicht verschreibungspflichtige Medikamente ein, insbesondere zur Behandlung von Pilz- \/ Pilzinfektionen oder solchen, die Ketoconazol, Voriconazol, Itraconazol, Theophyllin, Digoxin, Ampicillin, Atazanavir, Delavirdin, Sucralfat, Eisensalze, Warfarin enthalten;<\/div>\n<div>\u2022 leiden oder leiden fr\u00fcher an Lebererkrankungen in der Vergangenheit.<\/div>\n<div><\/div>\n<div><b>\u00dcberdosierung<\/b><\/div>\n<div>\u00a0\u00a0\u00a0\u00a0\u00a0\u00a0\u00a0\u00a0Die Symptome einer \u00dcberdosierung von Prevacid sind nicht bekannt.<\/div>\n<div>\u00a0\u00a0\u00a0\u00a0\u00a0\u00a0\u00a0\u00a0Wenn jedoch die M\u00f6glichkeit besteht, dass Sie eine zus\u00e4tzliche oder doppelte Dosis eingenommen haben, suchen Sie sofort einen Arzt auf.<\/div>\n<\/div>\n","protected":false},"excerpt":{"rendered":"<div><b>Handelsname:<\/b> Prevacid<\/div>\n<div><b>Hauptbestandteil: <\/b>Lansoprazol<\/div>\n<div><b>Produktionsform: <\/b>Pillen<\/div>\n<div><b>Anwendung: <\/b>Behandelt Magengeschw\u00fcre \/ Darmgeschw\u00fcre<\/div>\n<div><b>Verf\u00fcgbare Dosierung:<\/b> 30 mg<\/div>\n","protected":false},"featured_media":5804,"comment_status":"open","ping_status":"closed","template":"","meta":[],"product_cat":[22],"product_tag":[],"class_list":{"0":"post-5803","1":"product","2":"type-product","3":"status-publish","4":"has-post-thumbnail","6":"product_cat-gastrointestinal-meds","8":"first","9":"instock","10":"shipping-taxable","11":"product-type-grouped"},"yoast_head":"<!-- This site is optimized with the Yoast SEO plugin v24.1 - https:\/\/yoast.com\/wordpress\/plugins\/seo\/ -->\n<title>Bestellen Sie Prevacid (Lansoprazol) ohne Rezept zum niedrigen Preis | Eurorxdrugs<\/title>\n<meta name=\"description\" content=\"Kaufen Sie Prevacid (Lansoprazol) jetzt! Echtes Medikament und schnelle Lieferung inklusive. 100% diskreter und vertraulicher Service f\u00fcr alle unsere Kunden bei Eurorxdrugs\" \/>\n<meta name=\"robots\" content=\"index, follow, max-snippet:-1, max-image-preview:large, max-video-preview:-1\" \/>\n<link rel=\"canonical\" href=\"https:\/\/eurorxdrugs.cc\/sv\/product\/prevacid-lansoprazol\/\" \/>\n<meta property=\"og:locale\" content=\"sv_SE\" \/>\n<meta property=\"og:type\" content=\"article\" \/>\n<meta property=\"og:title\" content=\"Bestellen Sie Prevacid (Lansoprazol) ohne Rezept zum niedrigen Preis | Eurorxdrugs\" \/>\n<meta property=\"og:description\" content=\"Kaufen Sie Prevacid (Lansoprazol) jetzt! Echtes Medikament und schnelle Lieferung inklusive. 100% diskreter und vertraulicher Service f\u00fcr alle unsere Kunden bei Eurorxdrugs\" \/>\n<meta property=\"og:url\" content=\"https:\/\/eurorxdrugs.cc\/sv\/product\/prevacid-lansoprazol\/\" \/>\n<meta property=\"og:site_name\" content=\"eurorxdrugs\" \/>\n<meta property=\"article:modified_time\" content=\"2024-11-01T19:35:52+00:00\" \/>\n<meta property=\"og:image\" content=\"https:\/\/eurorxdrugs.cc\/sv\/wp-content\/uploads\/2024\/11\/43-min.jpg\" \/>\n\t<meta property=\"og:image:width\" content=\"270\" \/>\n\t<meta property=\"og:image:height\" content=\"300\" \/>\n\t<meta property=\"og:image:type\" content=\"image\/jpeg\" \/>\n<meta name=\"twitter:card\" content=\"summary_large_image\" \/>\n<meta name=\"twitter:label1\" content=\"Ber\u00e4knad l\u00e4stid\" \/>\n\t<meta name=\"twitter:data1\" content=\"2 minuter\" \/>\n<script type=\"application\/ld+json\" class=\"yoast-schema-graph\">{\"@context\":\"https:\/\/schema.org\",\"@graph\":[{\"@type\":\"WebPage\",\"@id\":\"https:\/\/eurorxdrugs.cc\/sv\/product\/prevacid-lansoprazol\/\",\"url\":\"https:\/\/eurorxdrugs.cc\/sv\/product\/prevacid-lansoprazol\/\",\"name\":\"Bestellen Sie Prevacid (Lansoprazol) ohne Rezept zum niedrigen Preis | Eurorxdrugs\",\"isPartOf\":{\"@id\":\"https:\/\/eurorxdrugs.cc\/sv\/#website\"},\"primaryImageOfPage\":{\"@id\":\"https:\/\/eurorxdrugs.cc\/sv\/product\/prevacid-lansoprazol\/#primaryimage\"},\"image\":{\"@id\":\"https:\/\/eurorxdrugs.cc\/sv\/product\/prevacid-lansoprazol\/#primaryimage\"},\"thumbnailUrl\":\"https:\/\/eurorxdrugs.cc\/sv\/wp-content\/uploads\/2024\/11\/43-min.jpg\",\"datePublished\":\"2024-11-01T19:32:34+00:00\",\"dateModified\":\"2024-11-01T19:35:52+00:00\",\"description\":\"Kaufen Sie Prevacid (Lansoprazol) jetzt! Echtes Medikament und schnelle Lieferung inklusive. 100% diskreter und vertraulicher Service f\u00fcr alle unsere Kunden bei Eurorxdrugs\",\"breadcrumb\":{\"@id\":\"https:\/\/eurorxdrugs.cc\/sv\/product\/prevacid-lansoprazol\/#breadcrumb\"},\"inLanguage\":\"sv-SE\",\"potentialAction\":[{\"@type\":\"ReadAction\",\"target\":[\"https:\/\/eurorxdrugs.cc\/sv\/product\/prevacid-lansoprazol\/\"]}]},{\"@type\":\"ImageObject\",\"inLanguage\":\"sv-SE\",\"@id\":\"https:\/\/eurorxdrugs.cc\/sv\/product\/prevacid-lansoprazol\/#primaryimage\",\"url\":\"https:\/\/eurorxdrugs.cc\/sv\/wp-content\/uploads\/2024\/11\/43-min.jpg\",\"contentUrl\":\"https:\/\/eurorxdrugs.cc\/sv\/wp-content\/uploads\/2024\/11\/43-min.jpg\",\"width\":270,\"height\":300},{\"@type\":\"BreadcrumbList\",\"@id\":\"https:\/\/eurorxdrugs.cc\/sv\/product\/prevacid-lansoprazol\/#breadcrumb\",\"itemListElement\":[{\"@type\":\"ListItem\",\"position\":1,\"name\":\"Home\",\"item\":\"https:\/\/eurorxdrugs.cc\/sv\/\"},{\"@type\":\"ListItem\",\"position\":2,\"name\":\"Products\",\"item\":\"https:\/\/eurorxdrugs.cc\/sv\/shop\/\"},{\"@type\":\"ListItem\",\"position\":3,\"name\":\"Prevacid (Lansoprazol)\"}]},{\"@type\":\"WebSite\",\"@id\":\"https:\/\/eurorxdrugs.cc\/sv\/#website\",\"url\":\"https:\/\/eurorxdrugs.cc\/sv\/\",\"name\":\"eurorxdrugs\",\"description\":\"\",\"publisher\":{\"@id\":\"https:\/\/eurorxdrugs.cc\/sv\/#organization\"},\"potentialAction\":[{\"@type\":\"SearchAction\",\"target\":{\"@type\":\"EntryPoint\",\"urlTemplate\":\"https:\/\/eurorxdrugs.cc\/sv\/?s={search_term_string}\"},\"query-input\":{\"@type\":\"PropertyValueSpecification\",\"valueRequired\":true,\"valueName\":\"search_term_string\"}}],\"inLanguage\":\"sv-SE\"},{\"@type\":\"Organization\",\"@id\":\"https:\/\/eurorxdrugs.cc\/sv\/#organization\",\"name\":\"eurorxdrugs\",\"url\":\"https:\/\/eurorxdrugs.cc\/sv\/\",\"logo\":{\"@type\":\"ImageObject\",\"inLanguage\":\"sv-SE\",\"@id\":\"https:\/\/eurorxdrugs.cc\/sv\/#\/schema\/logo\/image\/\",\"url\":\"https:\/\/eurorxdrugs.cc\/sv\/wp-content\/uploads\/2024\/09\/logo-1-1.png\",\"contentUrl\":\"https:\/\/eurorxdrugs.cc\/sv\/wp-content\/uploads\/2024\/09\/logo-1-1.png\",\"width\":233,\"height\":54,\"caption\":\"eurorxdrugs\"},\"image\":{\"@id\":\"https:\/\/eurorxdrugs.cc\/sv\/#\/schema\/logo\/image\/\"}}]}<\/script>\n<!-- \/ Yoast SEO plugin. -->","yoast_head_json":{"title":"Bestellen Sie Prevacid (Lansoprazol) ohne Rezept zum niedrigen Preis | Eurorxdrugs","description":"Kaufen Sie Prevacid (Lansoprazol) jetzt! Echtes Medikament und schnelle Lieferung inklusive. 100% diskreter und vertraulicher Service f\u00fcr alle unsere Kunden bei Eurorxdrugs","robots":{"index":"index","follow":"follow","max-snippet":"max-snippet:-1","max-image-preview":"max-image-preview:large","max-video-preview":"max-video-preview:-1"},"canonical":"https:\/\/eurorxdrugs.cc\/sv\/product\/prevacid-lansoprazol\/","og_locale":"sv_SE","og_type":"article","og_title":"Bestellen Sie Prevacid (Lansoprazol) ohne Rezept zum niedrigen Preis | Eurorxdrugs","og_description":"Kaufen Sie Prevacid (Lansoprazol) jetzt! Echtes Medikament und schnelle Lieferung inklusive. 100% diskreter und vertraulicher Service f\u00fcr alle unsere Kunden bei Eurorxdrugs","og_url":"https:\/\/eurorxdrugs.cc\/sv\/product\/prevacid-lansoprazol\/","og_site_name":"eurorxdrugs","article_modified_time":"2024-11-01T19:35:52+00:00","og_image":[{"width":270,"height":300,"url":"https:\/\/eurorxdrugs.cc\/sv\/wp-content\/uploads\/2024\/11\/43-min.jpg","type":"image\/jpeg"}],"twitter_card":"summary_large_image","twitter_misc":{"Ber\u00e4knad l\u00e4stid":"2 minuter"},"schema":{"@context":"https:\/\/schema.org","@graph":[{"@type":"WebPage","@id":"https:\/\/eurorxdrugs.cc\/sv\/product\/prevacid-lansoprazol\/","url":"https:\/\/eurorxdrugs.cc\/sv\/product\/prevacid-lansoprazol\/","name":"Bestellen Sie Prevacid (Lansoprazol) ohne Rezept zum niedrigen Preis | Eurorxdrugs","isPartOf":{"@id":"https:\/\/eurorxdrugs.cc\/sv\/#website"},"primaryImageOfPage":{"@id":"https:\/\/eurorxdrugs.cc\/sv\/product\/prevacid-lansoprazol\/#primaryimage"},"image":{"@id":"https:\/\/eurorxdrugs.cc\/sv\/product\/prevacid-lansoprazol\/#primaryimage"},"thumbnailUrl":"https:\/\/eurorxdrugs.cc\/sv\/wp-content\/uploads\/2024\/11\/43-min.jpg","datePublished":"2024-11-01T19:32:34+00:00","dateModified":"2024-11-01T19:35:52+00:00","description":"Kaufen Sie Prevacid (Lansoprazol) jetzt! Echtes Medikament und schnelle Lieferung inklusive. 100% diskreter und vertraulicher Service f\u00fcr alle unsere Kunden bei Eurorxdrugs","breadcrumb":{"@id":"https:\/\/eurorxdrugs.cc\/sv\/product\/prevacid-lansoprazol\/#breadcrumb"},"inLanguage":"sv-SE","potentialAction":[{"@type":"ReadAction","target":["https:\/\/eurorxdrugs.cc\/sv\/product\/prevacid-lansoprazol\/"]}]},{"@type":"ImageObject","inLanguage":"sv-SE","@id":"https:\/\/eurorxdrugs.cc\/sv\/product\/prevacid-lansoprazol\/#primaryimage","url":"https:\/\/eurorxdrugs.cc\/sv\/wp-content\/uploads\/2024\/11\/43-min.jpg","contentUrl":"https:\/\/eurorxdrugs.cc\/sv\/wp-content\/uploads\/2024\/11\/43-min.jpg","width":270,"height":300},{"@type":"BreadcrumbList","@id":"https:\/\/eurorxdrugs.cc\/sv\/product\/prevacid-lansoprazol\/#breadcrumb","itemListElement":[{"@type":"ListItem","position":1,"name":"Home","item":"https:\/\/eurorxdrugs.cc\/sv\/"},{"@type":"ListItem","position":2,"name":"Products","item":"https:\/\/eurorxdrugs.cc\/sv\/shop\/"},{"@type":"ListItem","position":3,"name":"Prevacid (Lansoprazol)"}]},{"@type":"WebSite","@id":"https:\/\/eurorxdrugs.cc\/sv\/#website","url":"https:\/\/eurorxdrugs.cc\/sv\/","name":"eurorxdrugs","description":"","publisher":{"@id":"https:\/\/eurorxdrugs.cc\/sv\/#organization"},"potentialAction":[{"@type":"SearchAction","target":{"@type":"EntryPoint","urlTemplate":"https:\/\/eurorxdrugs.cc\/sv\/?s={search_term_string}"},"query-input":{"@type":"PropertyValueSpecification","valueRequired":true,"valueName":"search_term_string"}}],"inLanguage":"sv-SE"},{"@type":"Organization","@id":"https:\/\/eurorxdrugs.cc\/sv\/#organization","name":"eurorxdrugs","url":"https:\/\/eurorxdrugs.cc\/sv\/","logo":{"@type":"ImageObject","inLanguage":"sv-SE","@id":"https:\/\/eurorxdrugs.cc\/sv\/#\/schema\/logo\/image\/","url":"https:\/\/eurorxdrugs.cc\/sv\/wp-content\/uploads\/2024\/09\/logo-1-1.png","contentUrl":"https:\/\/eurorxdrugs.cc\/sv\/wp-content\/uploads\/2024\/09\/logo-1-1.png","width":233,"height":54,"caption":"eurorxdrugs"},"image":{"@id":"https:\/\/eurorxdrugs.cc\/sv\/#\/schema\/logo\/image\/"}}]}},"_links":{"self":[{"href":"https:\/\/eurorxdrugs.cc\/sv\/wp-json\/wp\/v2\/product\/5803","targetHints":{"allow":["GET"]}}],"collection":[{"href":"https:\/\/eurorxdrugs.cc\/sv\/wp-json\/wp\/v2\/product"}],"about":[{"href":"https:\/\/eurorxdrugs.cc\/sv\/wp-json\/wp\/v2\/types\/product"}],"replies":[{"embeddable":true,"href":"https:\/\/eurorxdrugs.cc\/sv\/wp-json\/wp\/v2\/comments?post=5803"}],"wp:featuredmedia":[{"embeddable":true,"href":"https:\/\/eurorxdrugs.cc\/sv\/wp-json\/wp\/v2\/media\/5804"}],"wp:attachment":[{"href":"https:\/\/eurorxdrugs.cc\/sv\/wp-json\/wp\/v2\/media?parent=5803"}],"wp:term":[{"taxonomy":"product_cat","embeddable":true,"href":"https:\/\/eurorxdrugs.cc\/sv\/wp-json\/wp\/v2\/product_cat?post=5803"},{"taxonomy":"product_tag","embeddable":true,"href":"https:\/\/eurorxdrugs.cc\/sv\/wp-json\/wp\/v2\/product_tag?post=5803"}],"curies":[{"name":"wp","href":"https:\/\/api.w.org\/{rel}","templated":true}]}}