{"id":6187,"date":"2024-11-02T05:14:30","date_gmt":"2024-11-02T05:14:30","guid":{"rendered":"https:\/\/eurorxdrugs.cc\/sv\/?post_type=product&#038;p=6187"},"modified":"2024-11-02T05:17:55","modified_gmt":"2024-11-02T05:17:55","slug":"viagra-oral-jelly","status":"publish","type":"product","link":"https:\/\/eurorxdrugs.cc\/sv\/product\/viagra-oral-jelly\/","title":{"rendered":"Viagra Oral Jelly"},"content":{"rendered":"<div class=\"pro-description_name\">Beschreibung<\/div>\n<div class=\"pro-description_content\">\n<h3><b>H\u00e4ufige Verwendung<\/b><\/h3>\n<p>Viagra Jelly ist eine Gel-L\u00f6sung zur Behandlung von m\u00e4nnlicher erektiler Dysfunktion, auch Impotenz genannt. Es erh\u00f6ht den Blutfluss zum Penis und erm\u00f6glicht mehr Blutfluss in den Penis, wie es normalerweise geschieht, wenn ein Mann sexuell stimuliert wird.<\/p>\n<h3><b>Dosierung und Anwendung<\/b><\/h3>\n<p>Viagra Jelly sollte einmal t\u00e4glich nach Bedarf eingenommen werden. Bei Patienten, die bestimmte Proteaseinhibitoren (z. B. zur Behandlung von HIV) einnehmen, wird empfohlen, eine maximale Einzeldosis von <b>25 mg<\/b> Viagra Jelly in einem <b>48-Stunden<\/b>-Zeitraum nicht zu \u00fcberschreiten.<\/p>\n<h3><b>Vorsichtsma\u00dfnahmen<\/b><\/h3>\n<p>Bevor Sie Viagra verwenden, informieren Sie Ihren Arzt \u00fcber alle Medikamente, die Sie zur Behandlung von erektiler Dysfunktion einnehmen, oder wenn Sie eines der folgenden Medikamente verwenden:<\/p>\n<ul>\n<li><b>Bosentan<\/b> (Tracleer);<\/li>\n<li>ein Blutverd\u00fcnner wie <b>Warfarin<\/b> (Coumadin);<\/li>\n<li><b>Cimetidin<\/b> (Tagamet, Tagamet HB);<\/li>\n<li>ein Antibiotikum wie <b>Erythromycin<\/b> (E-Mycin, Eryc, Ery-Tab) oder <b>Clarithromycin<\/b> (Biaxin);<\/li>\n<li><b>Doxazosin<\/b> (Cardura), <b>Prazosin<\/b> (Minipress), <b>Terazosin<\/b> (Hytrin);<\/li>\n<li>HIV-Medikamente wie <b>Amprenavir<\/b> (Agenerase), <b>Tipranavir<\/b> (Aptivus), <b>Darunavir<\/b> (Prezista), <b>Efavirenz<\/b> (Sustiva), <b>Nevirapin<\/b> (Viramune), <b>Indinavir<\/b> (Crixivan), <b>Saquinavir<\/b> (Invirase, Fortovase), <b>Lopinavir\/Ritonavir<\/b> (Kaletra), <b>Fosamprenavir<\/b> (Lexiva), <b>Ritonavir<\/b> (Norvir), <b>Atazanavir<\/b>(Reyataz) oder <b>Nelfinavir<\/b> (Viracept);<\/li>\n<li>ein Antimykotikum wie <b>Itraconazol<\/b> (Sporanox) oder <b>Ketoconazol<\/b> (Nizoral);<\/li>\n<li><b>Carbamazepin<\/b> (Tegretol), <b>Phenobarbital<\/b> (Luminal) oder <b>Phenytoin<\/b> (Dilantin);<\/li>\n<li>oder <b>Rifampicin<\/b> (Rifadin, Rimactane) oder <b>Rifabutin<\/b> (Mycobutin).<\/li>\n<\/ul>\n<p>Wenn Sie Herzprobleme haben, die sexuelle Aktivit\u00e4t gef\u00e4hrlich machen, sollten Sie die Verwendung von Viagra vermeiden. Verwenden Sie es vorsichtig, wenn Sie in den letzten <b>6 Monaten<\/b> einen Herzinfarkt, Schlaganfall oder lebensbedrohliche Herzrhythmusst\u00f6rungen hatten. Seien Sie ebenso vorsichtig, wenn Sie schwerer Bluthochdruck oder -niedrigdruck, Herzinsuffizienz oder instabile Angina haben.<\/p>\n<h3><b>Gegenanzeigen<\/b><\/h3>\n<p>Verwenden Sie Viagra Jelly nicht, wenn Sie <b>Nitratmedikamente<\/b> wie <b>Nitroglycerin<\/b> einnehmen. Die Kombination von Viagra Jelly und Nitraten kann Ihren Blutdruck pl\u00f6tzlich auf unsichere Werte absenken. Sie k\u00f6nnten schwindelig werden, ohnm\u00e4chtig werden oder sogar einen Herzinfarkt oder Schlaganfall erleiden.<\/p>\n<h3><b>M\u00f6gliche Nebenwirkungen<\/b><\/h3>\n<p>Holen Sie sich sofort medizinische Hilfe, wenn Sie eine der folgenden Nebenwirkungen erleben:<\/p>\n<ul>\n<li><b>pl\u00f6tzlicher Sehverlust<\/b>;<\/li>\n<li><b>Ohrger\u00e4usche<\/b> oder <b>pl\u00f6tzlicher H\u00f6rverlust<\/b>;<\/li>\n<li><b>Brustschmerzen<\/b> oder schweres Gef\u00fchl, Schmerzen, die in den Arm oder die Schulter ausstrahlen, \u00dcbelkeit, Schwitzen, allgemeines Unwohlsein; unregelm\u00e4\u00dfiger Herzschlag;<\/li>\n<li><b>Schwellungen<\/b> in Ihren H\u00e4nden, Kn\u00f6cheln oder F\u00fc\u00dfen; Atemnot;<\/li>\n<li><b>Seh\u00e4nderungen<\/b>;<\/li>\n<li>Schwindelgef\u00fchl, Ohnmacht; oder <b>schmerzhafte Erektion<\/b>, die <b>4 Stunden<\/b> oder l\u00e4nger anh\u00e4lt.<\/li>\n<\/ul>\n<p>Weniger schwerwiegende Nebenwirkungen sind W\u00e4rme oder R\u00f6tung im Gesicht, Hals oder Brust; verstopfte Nase; Kopfschmerzen; Magenbeschwerden; oder R\u00fcckenschmerzen.<\/p>\n<h3><b>Arzneimittelwechselwirkungen<\/b><\/h3>\n<p>Viagra Jelly kann mit <b>Nitratmedikamenten<\/b> interagieren. Verwenden Sie diese nicht, w\u00e4hrend Sie Viagra Jelly einnehmen.<\/p>\n<h3><b>Vers\u00e4umte Dosis<\/b><\/h3>\n<p>Wenn Sie eine Dosis dieses Medikaments vergessen haben, nehmen Sie sie so schnell wie m\u00f6glich ein. Nehmen Sie <b>keine 2 Dosen<\/b> gleichzeitig ein.<\/p>\n<h3><b>\u00dcberdosierung<\/b><\/h3>\n<p>Holen Sie sich sofort medizinische Hilfe, wenn Sie denken, dass Sie das Medikament \u00fcberdosiert haben.<\/p>\n<h3><b>Aufbewahrung<\/b><\/h3>\n<p>Viagra Jelly sollte bei Raumtemperatur, <b>15-30 Grad C<\/b> (59-86 Grad F), aufbewahrt werden.<\/p>\n<\/div>\n","protected":false},"excerpt":{"rendered":"<div><b>Handelsname: <\/b>Viagra Oral Jelly<\/div>\n<div><b>Hauptbestandteil:<\/b> Sildenafil<\/div>\n<div><b>Anwendung:<\/b> Behandlung von Erektionsst\u00f6rungen<\/div>\n<div>\n<div><b>Aktion beginnt:<\/b> innerhalb von 30-60 Minuten<\/div>\n<div><b>Wirksam:<\/b> f\u00fcr 6 Stunden<\/div>\n<\/div>\n<div><b>Verf\u00fcgbare Dosierung:<\/b> 100 mg<\/div>\n","protected":false},"featured_media":6188,"comment_status":"open","ping_status":"closed","template":"","meta":[],"product_cat":[35],"product_tag":[],"class_list":{"0":"post-6187","1":"product","2":"type-product","3":"status-publish","4":"has-post-thumbnail","6":"product_cat-mens-sexual-health","8":"first","9":"instock","10":"shipping-taxable","11":"product-type-grouped"},"yoast_head":"<!-- This site is optimized with the Yoast SEO plugin v24.1 - https:\/\/yoast.com\/wordpress\/plugins\/seo\/ -->\n<title>Bestellen Sie Viagra Oral Jelly ohne Rezept zum niedrigen Preis | Eurorxdrugs<\/title>\n<meta name=\"description\" content=\"Kaufen Sie Viagra Oral Jelly jetzt! Echtes Medikament und schnelle Lieferung inklusive. 100% diskreter und vertraulicher Service f\u00fcr alle unsere Kunden bei Eurorxdrugs\" \/>\n<meta name=\"robots\" content=\"index, follow, max-snippet:-1, max-image-preview:large, max-video-preview:-1\" \/>\n<link rel=\"canonical\" href=\"https:\/\/eurorxdrugs.cc\/sv\/product\/viagra-oral-jelly\/\" \/>\n<meta property=\"og:locale\" content=\"sv_SE\" \/>\n<meta property=\"og:type\" content=\"article\" \/>\n<meta property=\"og:title\" content=\"Bestellen Sie Viagra Oral Jelly ohne Rezept zum niedrigen Preis | Eurorxdrugs\" \/>\n<meta property=\"og:description\" content=\"Kaufen Sie Viagra Oral Jelly jetzt! Echtes Medikament und schnelle Lieferung inklusive. 100% diskreter und vertraulicher Service f\u00fcr alle unsere Kunden bei Eurorxdrugs\" \/>\n<meta property=\"og:url\" content=\"https:\/\/eurorxdrugs.cc\/sv\/product\/viagra-oral-jelly\/\" \/>\n<meta property=\"og:site_name\" content=\"eurorxdrugs\" \/>\n<meta property=\"article:modified_time\" content=\"2024-11-02T05:17:55+00:00\" \/>\n<meta property=\"og:image\" content=\"https:\/\/eurorxdrugs.cc\/sv\/wp-content\/uploads\/2024\/11\/76-min.jpg\" \/>\n\t<meta property=\"og:image:width\" content=\"270\" \/>\n\t<meta property=\"og:image:height\" content=\"300\" \/>\n\t<meta property=\"og:image:type\" content=\"image\/jpeg\" \/>\n<meta name=\"twitter:card\" content=\"summary_large_image\" \/>\n<meta name=\"twitter:label1\" content=\"Ber\u00e4knad l\u00e4stid\" \/>\n\t<meta name=\"twitter:data1\" content=\"3 minuter\" \/>\n<script type=\"application\/ld+json\" class=\"yoast-schema-graph\">{\"@context\":\"https:\/\/schema.org\",\"@graph\":[{\"@type\":\"WebPage\",\"@id\":\"https:\/\/eurorxdrugs.cc\/sv\/product\/viagra-oral-jelly\/\",\"url\":\"https:\/\/eurorxdrugs.cc\/sv\/product\/viagra-oral-jelly\/\",\"name\":\"Bestellen Sie Viagra Oral Jelly ohne Rezept zum niedrigen Preis | Eurorxdrugs\",\"isPartOf\":{\"@id\":\"https:\/\/eurorxdrugs.cc\/sv\/#website\"},\"primaryImageOfPage\":{\"@id\":\"https:\/\/eurorxdrugs.cc\/sv\/product\/viagra-oral-jelly\/#primaryimage\"},\"image\":{\"@id\":\"https:\/\/eurorxdrugs.cc\/sv\/product\/viagra-oral-jelly\/#primaryimage\"},\"thumbnailUrl\":\"https:\/\/eurorxdrugs.cc\/sv\/wp-content\/uploads\/2024\/11\/76-min.jpg\",\"datePublished\":\"2024-11-02T05:14:30+00:00\",\"dateModified\":\"2024-11-02T05:17:55+00:00\",\"description\":\"Kaufen Sie Viagra Oral Jelly jetzt! Echtes Medikament und schnelle Lieferung inklusive. 100% diskreter und vertraulicher Service f\u00fcr alle unsere Kunden bei Eurorxdrugs\",\"breadcrumb\":{\"@id\":\"https:\/\/eurorxdrugs.cc\/sv\/product\/viagra-oral-jelly\/#breadcrumb\"},\"inLanguage\":\"sv-SE\",\"potentialAction\":[{\"@type\":\"ReadAction\",\"target\":[\"https:\/\/eurorxdrugs.cc\/sv\/product\/viagra-oral-jelly\/\"]}]},{\"@type\":\"ImageObject\",\"inLanguage\":\"sv-SE\",\"@id\":\"https:\/\/eurorxdrugs.cc\/sv\/product\/viagra-oral-jelly\/#primaryimage\",\"url\":\"https:\/\/eurorxdrugs.cc\/sv\/wp-content\/uploads\/2024\/11\/76-min.jpg\",\"contentUrl\":\"https:\/\/eurorxdrugs.cc\/sv\/wp-content\/uploads\/2024\/11\/76-min.jpg\",\"width\":270,\"height\":300},{\"@type\":\"BreadcrumbList\",\"@id\":\"https:\/\/eurorxdrugs.cc\/sv\/product\/viagra-oral-jelly\/#breadcrumb\",\"itemListElement\":[{\"@type\":\"ListItem\",\"position\":1,\"name\":\"Home\",\"item\":\"https:\/\/eurorxdrugs.cc\/sv\/\"},{\"@type\":\"ListItem\",\"position\":2,\"name\":\"Products\",\"item\":\"https:\/\/eurorxdrugs.cc\/sv\/shop\/\"},{\"@type\":\"ListItem\",\"position\":3,\"name\":\"Viagra Oral Jelly\"}]},{\"@type\":\"WebSite\",\"@id\":\"https:\/\/eurorxdrugs.cc\/sv\/#website\",\"url\":\"https:\/\/eurorxdrugs.cc\/sv\/\",\"name\":\"eurorxdrugs\",\"description\":\"\",\"publisher\":{\"@id\":\"https:\/\/eurorxdrugs.cc\/sv\/#organization\"},\"potentialAction\":[{\"@type\":\"SearchAction\",\"target\":{\"@type\":\"EntryPoint\",\"urlTemplate\":\"https:\/\/eurorxdrugs.cc\/sv\/?s={search_term_string}\"},\"query-input\":{\"@type\":\"PropertyValueSpecification\",\"valueRequired\":true,\"valueName\":\"search_term_string\"}}],\"inLanguage\":\"sv-SE\"},{\"@type\":\"Organization\",\"@id\":\"https:\/\/eurorxdrugs.cc\/sv\/#organization\",\"name\":\"eurorxdrugs\",\"url\":\"https:\/\/eurorxdrugs.cc\/sv\/\",\"logo\":{\"@type\":\"ImageObject\",\"inLanguage\":\"sv-SE\",\"@id\":\"https:\/\/eurorxdrugs.cc\/sv\/#\/schema\/logo\/image\/\",\"url\":\"https:\/\/eurorxdrugs.cc\/sv\/wp-content\/uploads\/2024\/09\/logo-1-1.png\",\"contentUrl\":\"https:\/\/eurorxdrugs.cc\/sv\/wp-content\/uploads\/2024\/09\/logo-1-1.png\",\"width\":233,\"height\":54,\"caption\":\"eurorxdrugs\"},\"image\":{\"@id\":\"https:\/\/eurorxdrugs.cc\/sv\/#\/schema\/logo\/image\/\"}}]}<\/script>\n<!-- \/ Yoast SEO plugin. -->","yoast_head_json":{"title":"Bestellen Sie Viagra Oral Jelly ohne Rezept zum niedrigen Preis | Eurorxdrugs","description":"Kaufen Sie Viagra Oral Jelly jetzt! Echtes Medikament und schnelle Lieferung inklusive. 100% diskreter und vertraulicher Service f\u00fcr alle unsere Kunden bei Eurorxdrugs","robots":{"index":"index","follow":"follow","max-snippet":"max-snippet:-1","max-image-preview":"max-image-preview:large","max-video-preview":"max-video-preview:-1"},"canonical":"https:\/\/eurorxdrugs.cc\/sv\/product\/viagra-oral-jelly\/","og_locale":"sv_SE","og_type":"article","og_title":"Bestellen Sie Viagra Oral Jelly ohne Rezept zum niedrigen Preis | Eurorxdrugs","og_description":"Kaufen Sie Viagra Oral Jelly jetzt! Echtes Medikament und schnelle Lieferung inklusive. 100% diskreter und vertraulicher Service f\u00fcr alle unsere Kunden bei Eurorxdrugs","og_url":"https:\/\/eurorxdrugs.cc\/sv\/product\/viagra-oral-jelly\/","og_site_name":"eurorxdrugs","article_modified_time":"2024-11-02T05:17:55+00:00","og_image":[{"width":270,"height":300,"url":"https:\/\/eurorxdrugs.cc\/sv\/wp-content\/uploads\/2024\/11\/76-min.jpg","type":"image\/jpeg"}],"twitter_card":"summary_large_image","twitter_misc":{"Ber\u00e4knad l\u00e4stid":"3 minuter"},"schema":{"@context":"https:\/\/schema.org","@graph":[{"@type":"WebPage","@id":"https:\/\/eurorxdrugs.cc\/sv\/product\/viagra-oral-jelly\/","url":"https:\/\/eurorxdrugs.cc\/sv\/product\/viagra-oral-jelly\/","name":"Bestellen Sie Viagra Oral Jelly ohne Rezept zum niedrigen Preis | Eurorxdrugs","isPartOf":{"@id":"https:\/\/eurorxdrugs.cc\/sv\/#website"},"primaryImageOfPage":{"@id":"https:\/\/eurorxdrugs.cc\/sv\/product\/viagra-oral-jelly\/#primaryimage"},"image":{"@id":"https:\/\/eurorxdrugs.cc\/sv\/product\/viagra-oral-jelly\/#primaryimage"},"thumbnailUrl":"https:\/\/eurorxdrugs.cc\/sv\/wp-content\/uploads\/2024\/11\/76-min.jpg","datePublished":"2024-11-02T05:14:30+00:00","dateModified":"2024-11-02T05:17:55+00:00","description":"Kaufen Sie Viagra Oral Jelly jetzt! Echtes Medikament und schnelle Lieferung inklusive. 100% diskreter und vertraulicher Service f\u00fcr alle unsere Kunden bei Eurorxdrugs","breadcrumb":{"@id":"https:\/\/eurorxdrugs.cc\/sv\/product\/viagra-oral-jelly\/#breadcrumb"},"inLanguage":"sv-SE","potentialAction":[{"@type":"ReadAction","target":["https:\/\/eurorxdrugs.cc\/sv\/product\/viagra-oral-jelly\/"]}]},{"@type":"ImageObject","inLanguage":"sv-SE","@id":"https:\/\/eurorxdrugs.cc\/sv\/product\/viagra-oral-jelly\/#primaryimage","url":"https:\/\/eurorxdrugs.cc\/sv\/wp-content\/uploads\/2024\/11\/76-min.jpg","contentUrl":"https:\/\/eurorxdrugs.cc\/sv\/wp-content\/uploads\/2024\/11\/76-min.jpg","width":270,"height":300},{"@type":"BreadcrumbList","@id":"https:\/\/eurorxdrugs.cc\/sv\/product\/viagra-oral-jelly\/#breadcrumb","itemListElement":[{"@type":"ListItem","position":1,"name":"Home","item":"https:\/\/eurorxdrugs.cc\/sv\/"},{"@type":"ListItem","position":2,"name":"Products","item":"https:\/\/eurorxdrugs.cc\/sv\/shop\/"},{"@type":"ListItem","position":3,"name":"Viagra Oral Jelly"}]},{"@type":"WebSite","@id":"https:\/\/eurorxdrugs.cc\/sv\/#website","url":"https:\/\/eurorxdrugs.cc\/sv\/","name":"eurorxdrugs","description":"","publisher":{"@id":"https:\/\/eurorxdrugs.cc\/sv\/#organization"},"potentialAction":[{"@type":"SearchAction","target":{"@type":"EntryPoint","urlTemplate":"https:\/\/eurorxdrugs.cc\/sv\/?s={search_term_string}"},"query-input":{"@type":"PropertyValueSpecification","valueRequired":true,"valueName":"search_term_string"}}],"inLanguage":"sv-SE"},{"@type":"Organization","@id":"https:\/\/eurorxdrugs.cc\/sv\/#organization","name":"eurorxdrugs","url":"https:\/\/eurorxdrugs.cc\/sv\/","logo":{"@type":"ImageObject","inLanguage":"sv-SE","@id":"https:\/\/eurorxdrugs.cc\/sv\/#\/schema\/logo\/image\/","url":"https:\/\/eurorxdrugs.cc\/sv\/wp-content\/uploads\/2024\/09\/logo-1-1.png","contentUrl":"https:\/\/eurorxdrugs.cc\/sv\/wp-content\/uploads\/2024\/09\/logo-1-1.png","width":233,"height":54,"caption":"eurorxdrugs"},"image":{"@id":"https:\/\/eurorxdrugs.cc\/sv\/#\/schema\/logo\/image\/"}}]}},"_links":{"self":[{"href":"https:\/\/eurorxdrugs.cc\/sv\/wp-json\/wp\/v2\/product\/6187","targetHints":{"allow":["GET"]}}],"collection":[{"href":"https:\/\/eurorxdrugs.cc\/sv\/wp-json\/wp\/v2\/product"}],"about":[{"href":"https:\/\/eurorxdrugs.cc\/sv\/wp-json\/wp\/v2\/types\/product"}],"replies":[{"embeddable":true,"href":"https:\/\/eurorxdrugs.cc\/sv\/wp-json\/wp\/v2\/comments?post=6187"}],"wp:featuredmedia":[{"embeddable":true,"href":"https:\/\/eurorxdrugs.cc\/sv\/wp-json\/wp\/v2\/media\/6188"}],"wp:attachment":[{"href":"https:\/\/eurorxdrugs.cc\/sv\/wp-json\/wp\/v2\/media?parent=6187"}],"wp:term":[{"taxonomy":"product_cat","embeddable":true,"href":"https:\/\/eurorxdrugs.cc\/sv\/wp-json\/wp\/v2\/product_cat?post=6187"},{"taxonomy":"product_tag","embeddable":true,"href":"https:\/\/eurorxdrugs.cc\/sv\/wp-json\/wp\/v2\/product_tag?post=6187"}],"curies":[{"name":"wp","href":"https:\/\/api.w.org\/{rel}","templated":true}]}}